{"id":594,"date":"2023-11-10T14:30:48","date_gmt":"2023-11-10T13:30:48","guid":{"rendered":"https:\/\/energiabulegoa.o\u00f1ati.eus\/energia-bulegoa\/oficina-de-asesoramiento\/consulta-tus-consumos\/electricidad\/como-usar-datadis\/"},"modified":"2024-01-17T17:33:15","modified_gmt":"2024-01-17T16:33:15","slug":"como-usar-datadis","status":"publish","type":"page","link":"https:\/\/energiabulegoa.xn--oati-gqa.eus\/es\/energia-bulegoa\/oficina-de-asesoramiento\/consulta-tus-consumos\/electricidad\/como-usar-datadis\/","title":{"rendered":"C\u00d3MO USAR DATADIS"},"content":{"rendered":"\n<p>Datadis, es una plataforma libre y gratuita para ver los consumos y potencias el\u00e9ctricas<\/p>\n\n<p>En ella, cada usuario podr\u00e1 analizar los consumos el\u00e9ctricos de todos los puntos de su ministro de las diferentes empresas comercializadoras a su nombre.<\/p>\n\n<p>Aqu\u00ed se presentan los pasos a seguir para conseguir o analizar esos datos<\/p>\n\n<details class=\"wp-block-details has-background is-layout-flow wp-block-details-is-layout-flow\" style=\"background-color:#e1e1e1;padding-top:var(--wp--preset--spacing--30);padding-right:var(--wp--preset--spacing--30);padding-bottom:var(--wp--preset--spacing--30);padding-left:var(--wp--preset--spacing--30)\"><summary>ACCEDER A LA P\u00c1GINA WEB<\/summary>\n<p><a href=\"https:\/\/datadis.es\/\" target=\"_blank\" rel=\"noreferrer noopener\">https:\/\/datadis.es\/<\/a><\/p>\n<\/details>\n\n<details class=\"wp-block-details has-background is-layout-flow wp-block-details-is-layout-flow\" style=\"background-color:#e1e1e1;padding-top:var(--wp--preset--spacing--30);padding-right:var(--wp--preset--spacing--30);padding-bottom:var(--wp--preset--spacing--30);padding-left:var(--wp--preset--spacing--30)\"><summary>REGISTRARSE DANDOSE DE ALTA EN EL ESPACIO PRIVADO<\/summary>\n<p>Ikusi <a href=\"https:\/\/o&#xF1;atienergiabulegoa.eus\/energia-bulegoa\/aholkularitza-bulegoa\/zure-kontsumoak-kontsultatu\/argindarra-datadis\/datadis-tresnan-izena-eman\/\" data-type=\"page\" data-id=\"289\">Erregistro prozesurako gida<\/a><\/p>\n<\/details>\n\n<details class=\"wp-block-details has-background is-layout-flow wp-block-details-is-layout-flow\" style=\"background-color:#e1e1e1;padding-top:var(--wp--preset--spacing--30);padding-right:var(--wp--preset--spacing--30);padding-bottom:var(--wp--preset--spacing--30);padding-left:var(--wp--preset--spacing--30)\"><summary>DESPU\u00c9S DEL REGISTRO, \u00a1ANALIZAR LOS DATOS!<\/summary>\n<details class=\"wp-block-details has-background is-layout-flow wp-block-details-is-layout-flow\" style=\"background-color:#cccccc;padding-top:var(--wp--preset--spacing--30);padding-right:var(--wp--preset--spacing--30);padding-bottom:var(--wp--preset--spacing--30);padding-left:var(--wp--preset--spacing--30)\"><summary><strong>Mi perfil<\/strong><\/summary>\n<p>En \u00e9l se indican los datos personales y permisos de cada usuario. En la p\u00e1gina puede modificar sus datos personales.<\/p>\n\n\n\n<figure class=\"wp-block-image size-full\"><img loading=\"lazy\" decoding=\"async\" width=\"1024\" height=\"720\" src=\"https:\/\/o&#xF1;atienergiabulegoa.eus\/wp-content\/uploads\/2023\/11\/01.png\" alt=\"\" class=\"wp-image-317\" srcset=\"https:\/\/energiabulegoa.xn--oati-gqa.eus\/wp-content\/uploads\/2023\/11\/01.png 1024w, https:\/\/energiabulegoa.xn--oati-gqa.eus\/wp-content\/uploads\/2023\/11\/01-300x211.png 300w, https:\/\/energiabulegoa.xn--oati-gqa.eus\/wp-content\/uploads\/2023\/11\/01-768x540.png 768w\" sizes=\"(max-width: 1024px) 100vw, 1024px\" \/><\/figure>\n<\/details>\n\n\n\n<details class=\"wp-block-details has-background is-layout-flow wp-block-details-is-layout-flow\" style=\"background-color:#cccccc;padding-top:var(--wp--preset--spacing--30);padding-right:var(--wp--preset--spacing--30);padding-bottom:var(--wp--preset--spacing--30);padding-left:var(--wp--preset--spacing--30)\"><summary><strong>Mis suministros<\/strong><\/summary>\n<p>Se muestran todos los contratos de suministro de luz a nombre de cada usuario. Cada cliente puede tener contratados diferentes suministros con distintas empresas comercializadoras. En esta plataforma se recoger\u00e1n todos.<\/p>\n\n\n\n<figure class=\"wp-block-image size-full\"><img loading=\"lazy\" decoding=\"async\" width=\"1024\" height=\"370\" src=\"https:\/\/o&#xF1;atienergiabulegoa.eus\/wp-content\/uploads\/2023\/11\/02.png\" alt=\"\" class=\"wp-image-320\" srcset=\"https:\/\/energiabulegoa.xn--oati-gqa.eus\/wp-content\/uploads\/2023\/11\/02.png 1024w, https:\/\/energiabulegoa.xn--oati-gqa.eus\/wp-content\/uploads\/2023\/11\/02-300x108.png 300w, https:\/\/energiabulegoa.xn--oati-gqa.eus\/wp-content\/uploads\/2023\/11\/02-768x278.png 768w\" sizes=\"(max-width: 1024px) 100vw, 1024px\" \/><\/figure>\n\n\n\n<p>Pulsando sobre el gr\u00e1fico se puede ver el consumo de energ\u00eda, la potencia m\u00e1xima y los contratos:<\/p>\n\n\n\n<figure class=\"wp-block-image size-full\"><img loading=\"lazy\" decoding=\"async\" width=\"1024\" height=\"370\" src=\"https:\/\/o&#xF1;atienergiabulegoa.eus\/wp-content\/uploads\/2023\/11\/03.png\" alt=\"\" class=\"wp-image-322\" srcset=\"https:\/\/energiabulegoa.xn--oati-gqa.eus\/wp-content\/uploads\/2023\/11\/03.png 1024w, https:\/\/energiabulegoa.xn--oati-gqa.eus\/wp-content\/uploads\/2023\/11\/03-300x108.png 300w, https:\/\/energiabulegoa.xn--oati-gqa.eus\/wp-content\/uploads\/2023\/11\/03-768x278.png 768w\" sizes=\"(max-width: 1024px) 100vw, 1024px\" \/><\/figure>\n<\/details>\n\n\n\n<details class=\"wp-block-details has-background is-layout-flow wp-block-details-is-layout-flow\" style=\"background-color:#cccccc;padding-top:var(--wp--preset--spacing--30);padding-right:var(--wp--preset--spacing--30);padding-bottom:var(--wp--preset--spacing--30);padding-left:var(--wp--preset--spacing--30)\"><summary><strong>Consumo energ\u00e9tico<\/strong>\r\n<\/summary>\n<p>En ella se puede ver el consumo energ\u00e9tico diario, semanal, mensual y anual. Cada zona de tarifa se representa en un color diferente (P1, P2 y P3).<\/p>\n\n\n\n<p>Estos datos se pueden descargar en formato CSV, JSON o XML<\/p>\n\n\n\n<figure class=\"wp-block-image size-full\"><img loading=\"lazy\" decoding=\"async\" width=\"1024\" height=\"581\" src=\"https:\/\/o&#xF1;atienergiabulegoa.eus\/wp-content\/uploads\/2023\/11\/04.png\" alt=\"\" class=\"wp-image-324\" srcset=\"https:\/\/energiabulegoa.xn--oati-gqa.eus\/wp-content\/uploads\/2023\/11\/04.png 1024w, https:\/\/energiabulegoa.xn--oati-gqa.eus\/wp-content\/uploads\/2023\/11\/04-300x170.png 300w, https:\/\/energiabulegoa.xn--oati-gqa.eus\/wp-content\/uploads\/2023\/11\/04-768x436.png 768w\" sizes=\"(max-width: 1024px) 100vw, 1024px\" \/><\/figure>\n<\/details>\n\n\n\n<details class=\"wp-block-details has-background is-layout-flow wp-block-details-is-layout-flow\" style=\"background-color:#cccccc;padding-top:var(--wp--preset--spacing--30);padding-right:var(--wp--preset--spacing--30);padding-bottom:var(--wp--preset--spacing--30);padding-left:var(--wp--preset--spacing--30)\"><summary><strong>Potencia contratada<\/strong><\/summary>\n<p>En este apartado, se puede analizar la potencia m\u00e1xima del contador<\/p>\n\n\n\n<p>Como en el caso anterior, aqu\u00ed tambien se puede descargar la informaci\u00f3n<\/p>\n\n\n\n<figure class=\"wp-block-image size-full\"><img loading=\"lazy\" decoding=\"async\" width=\"1024\" height=\"619\" src=\"https:\/\/o&#xF1;atienergiabulegoa.eus\/wp-content\/uploads\/2023\/11\/05.png\" alt=\"\" class=\"wp-image-326\" srcset=\"https:\/\/energiabulegoa.xn--oati-gqa.eus\/wp-content\/uploads\/2023\/11\/05.png 1024w, https:\/\/energiabulegoa.xn--oati-gqa.eus\/wp-content\/uploads\/2023\/11\/05-300x181.png 300w, https:\/\/energiabulegoa.xn--oati-gqa.eus\/wp-content\/uploads\/2023\/11\/05-768x464.png 768w\" sizes=\"(max-width: 1024px) 100vw, 1024px\" \/><\/figure>\n<\/details>\n\n\n\n<details class=\"wp-block-details has-background is-layout-flow wp-block-details-is-layout-flow\" style=\"background-color:#cccccc;padding-top:var(--wp--preset--spacing--30);padding-right:var(--wp--preset--spacing--30);padding-bottom:var(--wp--preset--spacing--30);padding-left:var(--wp--preset--spacing--30)\"><summary><strong>Contratos<\/strong><\/summary>\n<p>En este apartado se recogen los datos del contrato (plazo de contrataci\u00f3n y CUPS), ubicaci\u00f3n del suministro y datos t\u00e9cnicos del mismo.<\/p>\n\n\n\n<p>Entre los datos t\u00e9cnicos, se puede ver la potencia contratada. Conviene comparar esta potencia con las m\u00e1ximas potencias de los \u00faltimos a\u00f1os. Podemos comprobar que la potencia as\u00ed contratada coincide aproximadamente con la que realmente utilizamos.<\/p>\n\n\n\n<p>da la opci\u00f3n de hacer la descarga en CSV, JSON y XML<\/p>\n\n\n\n<figure class=\"wp-block-image size-full\"><img loading=\"lazy\" decoding=\"async\" width=\"1024\" height=\"407\" src=\"https:\/\/o&#xF1;atienergiabulegoa.eus\/wp-content\/uploads\/2023\/11\/06.png\" alt=\"\" class=\"wp-image-328\" srcset=\"https:\/\/energiabulegoa.xn--oati-gqa.eus\/wp-content\/uploads\/2023\/11\/06.png 1024w, https:\/\/energiabulegoa.xn--oati-gqa.eus\/wp-content\/uploads\/2023\/11\/06-300x119.png 300w, https:\/\/energiabulegoa.xn--oati-gqa.eus\/wp-content\/uploads\/2023\/11\/06-768x305.png 768w\" sizes=\"(max-width: 1024px) 100vw, 1024px\" \/><\/figure>\n\n\n\n<p>Se pueden descargar todos los datos de contrato, datos potencia y de consumo en vez de uno a uno<\/p>\n\n\n\n<p>Para eso, clicamos en el apartado de \u00abMis suministros\u00bb:<\/p>\n\n\n\n<figure class=\"wp-block-image size-full\"><img loading=\"lazy\" decoding=\"async\" width=\"1024\" height=\"373\" src=\"https:\/\/o&#xF1;atienergiabulegoa.eus\/wp-content\/uploads\/2023\/11\/07.png\" alt=\"\" class=\"wp-image-330\" srcset=\"https:\/\/energiabulegoa.xn--oati-gqa.eus\/wp-content\/uploads\/2023\/11\/07.png 1024w, https:\/\/energiabulegoa.xn--oati-gqa.eus\/wp-content\/uploads\/2023\/11\/07-300x109.png 300w, https:\/\/energiabulegoa.xn--oati-gqa.eus\/wp-content\/uploads\/2023\/11\/07-768x280.png 768w\" sizes=\"(max-width: 1024px) 100vw, 1024px\" \/><\/figure>\n\n\n\n<p>En este apartado hay que seleccionar los datos que queremos descargar. El sistema nos ofrece las siguientes opciones:<\/p>\n\n\n\n<ul>\n<li><strong>Tipos de datos<\/strong>: Consumos, potencias m\u00e1ximas y datos contractuales Tambi\u00e9n se pueden seleccionar todos los datos .<\/li>\n\n\n\n<li><strong>Formato de documento de exportaci\u00f3n<\/strong>: CSV, XML o JSON<\/li>\n\n\n\n<li><strong>Rango de fechas<\/strong>: Se puede seleccionar un rango de fechas<\/li>\n<\/ul>\n\n\n\n<p>Despu\u00e9s, clicar en \u00abPreparar descarga\u00bb.<\/p>\n\n\n\n<figure class=\"wp-block-image size-full\"><img loading=\"lazy\" decoding=\"async\" width=\"1024\" height=\"685\" src=\"https:\/\/o&#xF1;atienergiabulegoa.eus\/wp-content\/uploads\/2023\/11\/08.png\" alt=\"\" class=\"wp-image-332\" srcset=\"https:\/\/energiabulegoa.xn--oati-gqa.eus\/wp-content\/uploads\/2023\/11\/08.png 1024w, https:\/\/energiabulegoa.xn--oati-gqa.eus\/wp-content\/uploads\/2023\/11\/08-300x201.png 300w, https:\/\/energiabulegoa.xn--oati-gqa.eus\/wp-content\/uploads\/2023\/11\/08-768x514.png 768w\" sizes=\"(max-width: 1024px) 100vw, 1024px\" \/><\/figure>\n\n\n\n<p>El sistema nos informa de que la descarga est\u00e1 en proceso de preparaci\u00f3n mediante un mensaje (por volumen, la descarga puede tardar varios minutos).<\/p>\n\n\n\n<figure class=\"wp-block-image size-full\"><img loading=\"lazy\" decoding=\"async\" width=\"1024\" height=\"522\" src=\"https:\/\/o&#xF1;atienergiabulegoa.eus\/wp-content\/uploads\/2023\/11\/09.png\" alt=\"\" class=\"wp-image-334\" srcset=\"https:\/\/energiabulegoa.xn--oati-gqa.eus\/wp-content\/uploads\/2023\/11\/09.png 1024w, https:\/\/energiabulegoa.xn--oati-gqa.eus\/wp-content\/uploads\/2023\/11\/09-300x153.png 300w, https:\/\/energiabulegoa.xn--oati-gqa.eus\/wp-content\/uploads\/2023\/11\/09-768x392.png 768w\" sizes=\"(max-width: 1024px) 100vw, 1024px\" \/><\/figure>\n\n\n\n<p>La plataforma nos informar\u00e1 de cu\u00e1ndo estar\u00e1 disponible el documento a trav\u00e9s de un e-mail.<\/p>\n\n\n\n<p>Recibiremos el siguiente e-mail cuando la descarga est\u00e9 lista:<\/p>\n\n\n\n<figure class=\"wp-block-image size-full\"><img loading=\"lazy\" decoding=\"async\" width=\"940\" height=\"352\" src=\"https:\/\/o&#xF1;atienergiabulegoa.eus\/wp-content\/uploads\/2023\/11\/10.png\" alt=\"\" class=\"wp-image-336\" srcset=\"https:\/\/energiabulegoa.xn--oati-gqa.eus\/wp-content\/uploads\/2023\/11\/10.png 940w, https:\/\/energiabulegoa.xn--oati-gqa.eus\/wp-content\/uploads\/2023\/11\/10-300x112.png 300w, https:\/\/energiabulegoa.xn--oati-gqa.eus\/wp-content\/uploads\/2023\/11\/10-768x288.png 768w\" sizes=\"(max-width: 940px) 100vw, 940px\" \/><\/figure>\n\n\n\n<p>Al recibir el e-mail, en el estado del centro de descarga, los documentos aparecer\u00e1n como accesibles.<\/p>\n\n\n\n<p>Clicamos en \u00abDescargar\u00bb.<\/p>\n\n\n\n<p>El documento estar\u00eda preparado para ver y guardar, con todos los datos<\/p>\n\n\n\n<figure class=\"wp-block-image size-full\"><img loading=\"lazy\" decoding=\"async\" width=\"1024\" height=\"368\" src=\"https:\/\/o&#xF1;atienergiabulegoa.eus\/wp-content\/uploads\/2023\/11\/11.png\" alt=\"\" class=\"wp-image-338\" srcset=\"https:\/\/energiabulegoa.xn--oati-gqa.eus\/wp-content\/uploads\/2023\/11\/11.png 1024w, https:\/\/energiabulegoa.xn--oati-gqa.eus\/wp-content\/uploads\/2023\/11\/11-300x108.png 300w, https:\/\/energiabulegoa.xn--oati-gqa.eus\/wp-content\/uploads\/2023\/11\/11-768x276.png 768w\" sizes=\"(max-width: 1024px) 100vw, 1024px\" \/><\/figure>\n<\/details>\n<\/details>\n","protected":false},"excerpt":{"rendered":"<p>Datadis, es una plataforma libre y gratuita para ver los consumos y potencias el\u00e9ctricas En ella, cada usuario podr\u00e1 analizar los consumos el\u00e9ctricos de todos los puntos de su ministro de las diferentes empresas comercializadoras a su nombre. Aqu\u00ed se presentan los pasos a seguir para conseguir o analizar esos datos<\/p>\n","protected":false},"author":1,"featured_media":0,"parent":222,"menu_order":0,"comment_status":"closed","ping_status":"closed","template":"","meta":{"footnotes":""},"_links":{"self":[{"href":"https:\/\/energiabulegoa.xn--oati-gqa.eus\/es\/wp-json\/wp\/v2\/pages\/594"}],"collection":[{"href":"https:\/\/energiabulegoa.xn--oati-gqa.eus\/es\/wp-json\/wp\/v2\/pages"}],"about":[{"href":"https:\/\/energiabulegoa.xn--oati-gqa.eus\/es\/wp-json\/wp\/v2\/types\/page"}],"author":[{"embeddable":true,"href":"https:\/\/energiabulegoa.xn--oati-gqa.eus\/es\/wp-json\/wp\/v2\/users\/1"}],"replies":[{"embeddable":true,"href":"https:\/\/energiabulegoa.xn--oati-gqa.eus\/es\/wp-json\/wp\/v2\/comments?post=594"}],"version-history":[{"count":16,"href":"https:\/\/energiabulegoa.xn--oati-gqa.eus\/es\/wp-json\/wp\/v2\/pages\/594\/revisions"}],"predecessor-version":[{"id":733,"href":"https:\/\/energiabulegoa.xn--oati-gqa.eus\/es\/wp-json\/wp\/v2\/pages\/594\/revisions\/733"}],"up":[{"embeddable":true,"href":"https:\/\/energiabulegoa.xn--oati-gqa.eus\/es\/wp-json\/wp\/v2\/pages\/222"}],"wp:attachment":[{"href":"https:\/\/energiabulegoa.xn--oati-gqa.eus\/es\/wp-json\/wp\/v2\/media?parent=594"}],"curies":[{"name":"wp","href":"https:\/\/api.w.org\/{rel}","templated":true}]}}