{"id":592,"date":"2023-11-10T14:13:49","date_gmt":"2023-11-10T13:13:49","guid":{"rendered":"https:\/\/energiabulegoa.o\u00f1ati.eus\/energia-bulegoa\/oficina-de-asesoramiento\/consulta-tus-consumos\/electricidad\/como-registrarse-en-datadis\/"},"modified":"2024-01-17T17:32:50","modified_gmt":"2024-01-17T16:32:50","slug":"como-registrarse-en-datadis","status":"publish","type":"page","link":"https:\/\/energiabulegoa.xn--oati-gqa.eus\/es\/energia-bulegoa\/oficina-de-asesoramiento\/consulta-tus-consumos\/electricidad\/como-registrarse-en-datadis\/","title":{"rendered":"C\u00d3MO REGISTRARSE EN DATADIS"},"content":{"rendered":"\n<h3 class=\"wp-block-heading\">PLATAFORMA PARA CONSULTAR EL CONSUMO EL\u00c9CTRICO Y POTENCIAS CONTRATADAS<\/h3>\n\n<h3 class=\"wp-block-heading\">DATADIS es una p\u00e1gina web de acceso a los datos de tu electricidad, sin conexi\u00f3n con el comercializador. Es decir, suele ser un caso habitual  acceder a la p\u00e1gina web del comercializador para conseguir los datos, pero, DATADIS ofrece diferentes opciones para su an\u00e1lisis. As\u00ed, permite una mejor comprensi\u00f3n de la informaci\u00f3n de consumo, potencia&#8230;<\/h3>\n\n<p>Acceder a DATADIS utilizando el siguiente enlace <a href=\"https:\/\/datadis.es\/home\" target=\"_blank\" rel=\"noreferrer noopener\">https:\/\/datadis.es\/home<\/a><\/p>\n\n<h3 class=\"wp-block-heading\">C\u00d3MO HACER EL REGISTRO WEB<\/h3>\n\n<details class=\"wp-block-details has-background is-layout-flow wp-block-details-is-layout-flow\" style=\"background-color:#e1e1e1;padding-top:var(--wp--preset--spacing--30);padding-right:var(--wp--preset--spacing--30);padding-bottom:var(--wp--preset--spacing--30);padding-left:var(--wp--preset--spacing--30)\"><summary>1. ACCEDER AL REGISTRO Y RELLENAR EL FORMULARIO<\/summary>\n<p><a href=\"https:\/\/datadis.es\/home\" target=\"_blank\" rel=\"noreferrer noopener\">https:\/\/datadis.es\/home<\/a><\/p>\n\n\n\n<figure class=\"wp-block-image size-large\"><img loading=\"lazy\" decoding=\"async\" width=\"1024\" height=\"528\" src=\"https:\/\/o&#xF1;atienergiabulegoa.eus\/wp-content\/uploads\/2023\/11\/image-1024x528.png\" alt=\"\" class=\"wp-image-267\" srcset=\"https:\/\/energiabulegoa.xn--oati-gqa.eus\/wp-content\/uploads\/2023\/11\/image-1024x528.png 1024w, https:\/\/energiabulegoa.xn--oati-gqa.eus\/wp-content\/uploads\/2023\/11\/image-300x155.png 300w, https:\/\/energiabulegoa.xn--oati-gqa.eus\/wp-content\/uploads\/2023\/11\/image-768x396.png 768w, https:\/\/energiabulegoa.xn--oati-gqa.eus\/wp-content\/uploads\/2023\/11\/image.png 1401w\" sizes=\"(max-width: 1024px) 100vw, 1024px\" \/><\/figure>\n<\/details>\n\n<details class=\"wp-block-details has-background is-layout-flow wp-block-details-is-layout-flow\" style=\"background-color:#e1e1e1;padding-top:var(--wp--preset--spacing--30);padding-right:var(--wp--preset--spacing--30);padding-bottom:var(--wp--preset--spacing--30);padding-left:var(--wp--preset--spacing--30)\"><summary>2. REGISTRARSE COMO PERTICULAR, AUT\u00d3NOMO U ORGANIZACI\u00d3N<\/summary>\n<figure class=\"wp-block-image size-full\"><img loading=\"lazy\" decoding=\"async\" width=\"812\" height=\"622\" src=\"https:\/\/o&#xF1;atienergiabulegoa.eus\/wp-content\/uploads\/2023\/11\/image-1.png\" alt=\"\" class=\"wp-image-269\" srcset=\"https:\/\/energiabulegoa.xn--oati-gqa.eus\/wp-content\/uploads\/2023\/11\/image-1.png 812w, https:\/\/energiabulegoa.xn--oati-gqa.eus\/wp-content\/uploads\/2023\/11\/image-1-300x230.png 300w, https:\/\/energiabulegoa.xn--oati-gqa.eus\/wp-content\/uploads\/2023\/11\/image-1-768x588.png 768w\" sizes=\"(max-width: 812px) 100vw, 812px\" \/><\/figure>\n<\/details>\n\n<details class=\"wp-block-details has-background is-layout-flow wp-block-details-is-layout-flow\" style=\"background-color:#e1e1e1;padding-top:var(--wp--preset--spacing--30);padding-right:var(--wp--preset--spacing--30);padding-bottom:var(--wp--preset--spacing--30);padding-left:var(--wp--preset--spacing--30)\"><summary>3. RELLENAR LOS DATOS PERSONALES<\/summary>\n<figure class=\"wp-block-image size-full\"><img loading=\"lazy\" decoding=\"async\" width=\"819\" height=\"938\" src=\"https:\/\/o&#xF1;atienergiabulegoa.eus\/wp-content\/uploads\/2023\/11\/02-1.png\" alt=\"\" class=\"wp-image-348\" srcset=\"https:\/\/energiabulegoa.xn--oati-gqa.eus\/wp-content\/uploads\/2023\/11\/02-1.png 819w, https:\/\/energiabulegoa.xn--oati-gqa.eus\/wp-content\/uploads\/2023\/11\/02-1-262x300.png 262w, https:\/\/energiabulegoa.xn--oati-gqa.eus\/wp-content\/uploads\/2023\/11\/02-1-768x880.png 768w\" sizes=\"(max-width: 819px) 100vw, 819px\" \/><\/figure>\n<\/details>\n\n<details class=\"wp-block-details has-background is-layout-flow wp-block-details-is-layout-flow\" style=\"background-color:#e1e1e1;padding-top:var(--wp--preset--spacing--30);padding-right:var(--wp--preset--spacing--30);padding-bottom:var(--wp--preset--spacing--30);padding-left:var(--wp--preset--spacing--30)\"><summary>4. VALIDAR LA IDENTIDAD<\/summary>\n<h4 class=\"wp-block-heading\">Para validar la identidad hay dos opciones. La primera utilizando el DNI y la segunda a trav\u00e9s del certificado digital.<\/h4>\n\n\n\n<h4 class=\"wp-block-heading\"><strong>A trav\u00e9s del DNI:<\/strong><\/h4>\n\n\n\n<figure class=\"wp-block-image size-full\"><img loading=\"lazy\" decoding=\"async\" width=\"982\" height=\"652\" src=\"https:\/\/o&#xF1;atienergiabulegoa.eus\/wp-content\/uploads\/2023\/11\/image-3.png\" alt=\"\" class=\"wp-image-273\" srcset=\"https:\/\/energiabulegoa.xn--oati-gqa.eus\/wp-content\/uploads\/2023\/11\/image-3.png 982w, https:\/\/energiabulegoa.xn--oati-gqa.eus\/wp-content\/uploads\/2023\/11\/image-3-300x199.png 300w, https:\/\/energiabulegoa.xn--oati-gqa.eus\/wp-content\/uploads\/2023\/11\/image-3-768x510.png 768w\" sizes=\"(max-width: 982px) 100vw, 982px\" \/><\/figure>\n\n\n\n<p>Escanear tanto la parte delantera como la trasera del DNI y adjuntar en el apartado que piden.<\/p>\n\n\n\n<p>Despu\u00e9s, seguir con el proceso y aceptar las condiciones:<\/p>\n\n\n\n<figure class=\"wp-block-image size-full\"><img loading=\"lazy\" decoding=\"async\" width=\"933\" height=\"724\" src=\"https:\/\/o&#xF1;atienergiabulegoa.eus\/wp-content\/uploads\/2023\/11\/image-4.png\" alt=\"\" class=\"wp-image-275\" srcset=\"https:\/\/energiabulegoa.xn--oati-gqa.eus\/wp-content\/uploads\/2023\/11\/image-4.png 933w, https:\/\/energiabulegoa.xn--oati-gqa.eus\/wp-content\/uploads\/2023\/11\/image-4-300x233.png 300w, https:\/\/energiabulegoa.xn--oati-gqa.eus\/wp-content\/uploads\/2023\/11\/image-4-768x596.png 768w\" sizes=\"(max-width: 933px) 100vw, 933px\" \/><\/figure>\n\n\n\n<h4 class=\"wp-block-heading\"><strong>A trav\u00e9s del certificado digital:<\/strong><\/h4>\n\n\n\n<figure class=\"wp-block-image size-full\"><img loading=\"lazy\" decoding=\"async\" width=\"822\" height=\"608\" src=\"https:\/\/o&#xF1;atienergiabulegoa.eus\/wp-content\/uploads\/2023\/11\/image-5.png\" alt=\"\" class=\"wp-image-277\" srcset=\"https:\/\/energiabulegoa.xn--oati-gqa.eus\/wp-content\/uploads\/2023\/11\/image-5.png 822w, https:\/\/energiabulegoa.xn--oati-gqa.eus\/wp-content\/uploads\/2023\/11\/image-5-300x222.png 300w, https:\/\/energiabulegoa.xn--oati-gqa.eus\/wp-content\/uploads\/2023\/11\/image-5-768x568.png 768w\" sizes=\"(max-width: 822px) 100vw, 822px\" \/><\/figure>\n\n\n\n<p>Registrarse con el certificado digital y aceptar las condiciones:<\/p>\n\n\n\n<figure class=\"wp-block-image size-full\"><img loading=\"lazy\" decoding=\"async\" width=\"933\" height=\"724\" src=\"https:\/\/o&#xF1;atienergiabulegoa.eus\/wp-content\/uploads\/2023\/11\/image-6.png\" alt=\"\" class=\"wp-image-279\" srcset=\"https:\/\/energiabulegoa.xn--oati-gqa.eus\/wp-content\/uploads\/2023\/11\/image-6.png 933w, https:\/\/energiabulegoa.xn--oati-gqa.eus\/wp-content\/uploads\/2023\/11\/image-6-300x233.png 300w, https:\/\/energiabulegoa.xn--oati-gqa.eus\/wp-content\/uploads\/2023\/11\/image-6-768x596.png 768w\" sizes=\"(max-width: 933px) 100vw, 933px\" \/><\/figure>\n<\/details>\n\n<details class=\"wp-block-details has-background is-layout-flow wp-block-details-is-layout-flow\" style=\"background-color:#e1e1e1;padding-top:var(--wp--preset--spacing--30);padding-right:var(--wp--preset--spacing--30);padding-bottom:var(--wp--preset--spacing--30);padding-left:var(--wp--preset--spacing--30)\"><summary>5. REVISAR EL E-MAIL PARA VERIFICAR EL REGISTRO<\/summary>\n<figure class=\"wp-block-image size-full\"><img loading=\"lazy\" decoding=\"async\" width=\"699\" height=\"656\" src=\"https:\/\/o&#xF1;atienergiabulegoa.eus\/wp-content\/uploads\/2023\/11\/07-1.png\" alt=\"\" class=\"wp-image-346\" srcset=\"https:\/\/energiabulegoa.xn--oati-gqa.eus\/wp-content\/uploads\/2023\/11\/07-1.png 699w, https:\/\/energiabulegoa.xn--oati-gqa.eus\/wp-content\/uploads\/2023\/11\/07-1-300x282.png 300w\" sizes=\"(max-width: 699px) 100vw, 699px\" \/><\/figure>\n<\/details>\n\n<details class=\"wp-block-details has-background is-layout-flow wp-block-details-is-layout-flow\" style=\"background-color:#e1e1e1;padding-top:var(--wp--preset--spacing--30);padding-right:var(--wp--preset--spacing--30);padding-bottom:var(--wp--preset--spacing--30);padding-left:var(--wp--preset--spacing--30)\"><summary>6. ENTRAR AL ENLACE DEL EMAIL PARA SEGUIR CON EL PROCESO<\/summary>\n<figure class=\"wp-block-image size-full\"><img loading=\"lazy\" decoding=\"async\" width=\"1024\" height=\"389\" src=\"https:\/\/o&#xF1;atienergiabulegoa.eus\/wp-content\/uploads\/2023\/11\/08-1.png\" alt=\"\" class=\"wp-image-343\" srcset=\"https:\/\/energiabulegoa.xn--oati-gqa.eus\/wp-content\/uploads\/2023\/11\/08-1.png 1024w, https:\/\/energiabulegoa.xn--oati-gqa.eus\/wp-content\/uploads\/2023\/11\/08-1-300x114.png 300w, https:\/\/energiabulegoa.xn--oati-gqa.eus\/wp-content\/uploads\/2023\/11\/08-1-768x292.png 768w\" sizes=\"(max-width: 1024px) 100vw, 1024px\" \/><\/figure>\n<\/details>\n\n<details class=\"wp-block-details has-background is-layout-flow wp-block-details-is-layout-flow\" style=\"background-color:#e1e1e1;padding-top:var(--wp--preset--spacing--30);padding-right:var(--wp--preset--spacing--30);padding-bottom:var(--wp--preset--spacing--30);padding-left:var(--wp--preset--spacing--30)\"><summary>7. RECIBIRAS LA CONFIRMACI\u00d3N Y TODO LISTO<\/summary>\n<figure class=\"wp-block-image size-full\"><img loading=\"lazy\" decoding=\"async\" width=\"1001\" height=\"353\" src=\"https:\/\/o&#xF1;atienergiabulegoa.eus\/wp-content\/uploads\/2023\/11\/09-1.png\" alt=\"\" class=\"wp-image-341\" srcset=\"https:\/\/energiabulegoa.xn--oati-gqa.eus\/wp-content\/uploads\/2023\/11\/09-1.png 1001w, https:\/\/energiabulegoa.xn--oati-gqa.eus\/wp-content\/uploads\/2023\/11\/09-1-300x106.png 300w, https:\/\/energiabulegoa.xn--oati-gqa.eus\/wp-content\/uploads\/2023\/11\/09-1-768x271.png 768w\" sizes=\"(max-width: 1001px) 100vw, 1001px\" \/><\/figure>\n<\/details>\n","protected":false},"excerpt":{"rendered":"<p>PLATAFORMA PARA CONSULTAR EL CONSUMO EL\u00c9CTRICO Y POTENCIAS CONTRATADAS DATADIS es una p\u00e1gina web de acceso a los datos de tu electricidad, sin conexi\u00f3n con el comercializador. Es decir, suele ser un caso habitual acceder a la p\u00e1gina web del comercializador para conseguir los datos, pero, DATADIS ofrece diferentes opciones para su an\u00e1lisis. As\u00ed, permite [&hellip;]<\/p>\n","protected":false},"author":1,"featured_media":0,"parent":222,"menu_order":0,"comment_status":"closed","ping_status":"closed","template":"","meta":{"footnotes":""},"_links":{"self":[{"href":"https:\/\/energiabulegoa.xn--oati-gqa.eus\/es\/wp-json\/wp\/v2\/pages\/592"}],"collection":[{"href":"https:\/\/energiabulegoa.xn--oati-gqa.eus\/es\/wp-json\/wp\/v2\/pages"}],"about":[{"href":"https:\/\/energiabulegoa.xn--oati-gqa.eus\/es\/wp-json\/wp\/v2\/types\/page"}],"author":[{"embeddable":true,"href":"https:\/\/energiabulegoa.xn--oati-gqa.eus\/es\/wp-json\/wp\/v2\/users\/1"}],"replies":[{"embeddable":true,"href":"https:\/\/energiabulegoa.xn--oati-gqa.eus\/es\/wp-json\/wp\/v2\/comments?post=592"}],"version-history":[{"count":6,"href":"https:\/\/energiabulegoa.xn--oati-gqa.eus\/es\/wp-json\/wp\/v2\/pages\/592\/revisions"}],"predecessor-version":[{"id":731,"href":"https:\/\/energiabulegoa.xn--oati-gqa.eus\/es\/wp-json\/wp\/v2\/pages\/592\/revisions\/731"}],"up":[{"embeddable":true,"href":"https:\/\/energiabulegoa.xn--oati-gqa.eus\/es\/wp-json\/wp\/v2\/pages\/222"}],"wp:attachment":[{"href":"https:\/\/energiabulegoa.xn--oati-gqa.eus\/es\/wp-json\/wp\/v2\/media?parent=592"}],"curies":[{"name":"wp","href":"https:\/\/api.w.org\/{rel}","templated":true}]}}