{"id":197,"date":"2023-11-02T11:45:31","date_gmt":"2023-11-02T10:45:31","guid":{"rendered":"https:\/\/energiabulegoa.o\u00f1ati.eus\/energia-bulegoa\/"},"modified":"2024-01-10T11:40:22","modified_gmt":"2024-01-10T10:40:22","slug":"energia-bulegoa","status":"publish","type":"page","link":"https:\/\/energiabulegoa.xn--oati-gqa.eus\/es\/","title":{"rendered":"OFICINA ENERG\u00c9TICA"},"content":{"rendered":"\n<div class=\"wp-block-cover alignfull is-light\" style=\"margin-top:0;margin-bottom:0;min-height:577px\"><span aria-hidden=\"true\" class=\"wp-block-cover__background has-background-dim\" style=\"background-color:#86817b\"><\/span><img loading=\"lazy\" decoding=\"async\" width=\"2560\" height=\"720\" class=\"wp-block-cover__image-background wp-image-25\" alt=\"\" src=\"https:\/\/energiabulegoa.o\u00f1ati.eus\/wp-content\/uploads\/2023\/10\/smokefilledsnoqualmievalley-scaled.jpg\" data-object-fit=\"cover\" srcset=\"https:\/\/energiabulegoa.xn--oati-gqa.eus\/wp-content\/uploads\/2023\/10\/smokefilledsnoqualmievalley-scaled.jpg 2560w, https:\/\/energiabulegoa.xn--oati-gqa.eus\/wp-content\/uploads\/2023\/10\/smokefilledsnoqualmievalley-300x84.jpg 300w, https:\/\/energiabulegoa.xn--oati-gqa.eus\/wp-content\/uploads\/2023\/10\/smokefilledsnoqualmievalley-1024x288.jpg 1024w, https:\/\/energiabulegoa.xn--oati-gqa.eus\/wp-content\/uploads\/2023\/10\/smokefilledsnoqualmievalley-768x216.jpg 768w, https:\/\/energiabulegoa.xn--oati-gqa.eus\/wp-content\/uploads\/2023\/10\/smokefilledsnoqualmievalley-1536x432.jpg 1536w, https:\/\/energiabulegoa.xn--oati-gqa.eus\/wp-content\/uploads\/2023\/10\/smokefilledsnoqualmievalley-2048x576.jpg 2048w\" sizes=\"(max-width: 2560px) 100vw, 2560px\" \/><div class=\"wp-block-cover__inner-container is-layout-flow wp-block-cover-is-layout-flow\">\n<h1 class=\"wp-block-heading has-text-align-center has-background-color has-text-color has-link-color wp-elements-9432c7a8c7995049ac7dfaca006ce2bf\">OFICINA ENERG\u00c9TICA DE O\u00d1ATI<\/h1>\n\n\n\n<div class=\"wp-block-buttons is-content-justification-center is-layout-flex wp-container-core-buttons-layout-1 wp-block-buttons-is-layout-flex\">\n<div class=\"wp-block-button\"><a class=\"wp-block-button__link has-background-color has-text-color has-link-color wp-element-button\" href=\"https:\/\/energiabulegoa.o\u00f1ati.eus\/es\/energia-bulegoa\/plan-de-energia\/\">PLAN ENERG\u00c9TICO<\/a><\/div>\n<\/div>\n<\/div><\/div>\n\n<div class=\"wp-block-group alignfull has-background has-global-padding is-layout-constrained wp-container-core-group-layout-1 wp-block-group-is-layout-constrained\" style=\"background-color:#ebebeb;margin-top:0;margin-bottom:0;padding-top:var(--wp--preset--spacing--60);padding-bottom:var(--wp--preset--spacing--60)\">\n<div class=\"wp-block-columns alignwide is-layout-flex wp-container-core-columns-layout-1 wp-block-columns-is-layout-flex\">\n<div class=\"wp-block-column is-layout-flow wp-block-column-is-layout-flow\">\n<figure class=\"wp-block-image aligncenter size-full\"><img loading=\"lazy\" decoding=\"async\" width=\"100\" height=\"100\" src=\"https:\/\/energiabulegoa.o\u00f1ati.eus\/wp-content\/uploads\/2023\/11\/7c3647dc-264a-4e07-b489-aa9fbccbb595.png\" alt=\"\" class=\"wp-image-150\"\/><\/figure>\n\n\n\n<h3 class=\"wp-block-heading has-text-align-center\">INFORMACI\u00d3N SOBRE LAS FACTURAS<\/h3>\n\n\n\n<div class=\"wp-block-buttons is-content-justification-center is-layout-flex wp-container-core-buttons-layout-2 wp-block-buttons-is-layout-flex\">\n<div class=\"wp-block-button\"><a class=\"wp-block-button__link has-background-color has-tertiary-background-color has-text-color has-background has-link-color wp-element-button\" href=\"https:\/\/energiabulegoa.o\u00f1ati.eus\/es\/energia-bulegoa\/oficina-de-asesoramiento\/facturas\/\">CONSULTAR<\/a><\/div>\n<\/div>\n<\/div>\n\n\n\n<div class=\"wp-block-column is-layout-flow wp-block-column-is-layout-flow\">\n<figure class=\"wp-block-image aligncenter size-full\"><img loading=\"lazy\" decoding=\"async\" width=\"100\" height=\"100\" src=\"https:\/\/energiabulegoa.o\u00f1ati.eus\/wp-content\/uploads\/2023\/11\/95a45848-d307-4127-9713-89a42ac11aa7.png\" alt=\"\" class=\"wp-image-152\"\/><\/figure>\n\n\n\n<h3 class=\"wp-block-heading has-text-align-center\">INFORMACI\u00d3N SOBRE CONSUMOS<\/h3>\n\n\n\n<div class=\"wp-block-buttons is-content-justification-center is-layout-flex wp-container-core-buttons-layout-3 wp-block-buttons-is-layout-flex\">\n<div class=\"wp-block-button\"><a class=\"wp-block-button__link has-background-color has-tertiary-background-color has-text-color has-background has-link-color wp-element-button\" href=\"https:\/\/energiabulegoa.o\u00f1ati.eus\/es\/energia-bulegoa\/oficina-de-asesoramiento\/consulta-tus-consumos\/electricidad\/como-usar-datadis\/\">CONSULTAR<\/a><\/div>\n<\/div>\n<\/div>\n<\/div>\n\n\n\n<div class=\"wp-block-columns alignwide is-layout-flex wp-container-core-columns-layout-2 wp-block-columns-is-layout-flex\">\n<div class=\"wp-block-column is-layout-flow wp-block-column-is-layout-flow\">\n<figure class=\"wp-block-image aligncenter size-full\"><img loading=\"lazy\" decoding=\"async\" width=\"100\" height=\"100\" src=\"https:\/\/energiabulegoa.o\u00f1ati.eus\/wp-content\/uploads\/2023\/11\/b2bcb03a-be35-4264-9e95-983ebe367057.png\" alt=\"\" class=\"wp-image-154\"\/><\/figure>\n\n\n\n<h3 class=\"wp-block-heading has-text-align-center\">INFORMACI\u00d3N SOBRE AYUDAS<\/h3>\n\n\n\n<div class=\"wp-block-buttons is-content-justification-center is-layout-flex wp-container-core-buttons-layout-4 wp-block-buttons-is-layout-flex\">\n<div class=\"wp-block-button\"><a class=\"wp-block-button__link has-background-color has-tertiary-background-color has-text-color has-background has-link-color wp-element-button\" href=\"https:\/\/energiabulegoa.o\u00f1ati.eus\/es\/energia-bulegoa\/oficina-de-asesoramiento\/subvenciones\/\">CONSULTAR<\/a><\/div>\n<\/div>\n<\/div>\n\n\n\n<div class=\"wp-block-column is-layout-flow wp-block-column-is-layout-flow\">\n<figure class=\"wp-block-image aligncenter size-full\"><img loading=\"lazy\" decoding=\"async\" width=\"100\" height=\"100\" src=\"https:\/\/energiabulegoa.o\u00f1ati.eus\/wp-content\/uploads\/2023\/11\/95a45848-d307-4127-9713-89a42ac11aa7.png\" alt=\"\" class=\"wp-image-152\"\/><\/figure>\n\n\n\n<h3 class=\"wp-block-heading has-text-align-center\">OFICINA DE INFORMACI\u00d3N<\/h3>\n\n\n\n<div class=\"wp-block-buttons is-content-justification-center is-layout-flex wp-container-core-buttons-layout-5 wp-block-buttons-is-layout-flex\">\n<div class=\"wp-block-button\"><a class=\"wp-block-button__link has-background-color has-tertiary-background-color has-text-color has-background has-link-color wp-element-button\" href=\"https:\/\/energiabulegoa.o\u00f1ati.eus\/es\/energia-bulegoa\/oficina-de-asesoramiento\/\">CONSULTAR<\/a><\/div>\n<\/div>\n<\/div>\n<\/div>\n<\/div>\n","protected":false},"excerpt":{"rendered":"<p>INFORMACI\u00d3N SOBRE LAS FACTURAS INFORMACI\u00d3N SOBRE CONSUMOS INFORMACI\u00d3N SOBRE AYUDAS OFICINA DE INFORMACI\u00d3N<\/p>\n","protected":false},"author":1,"featured_media":0,"parent":0,"menu_order":0,"comment_status":"closed","ping_status":"closed","template":"","meta":{"footnotes":""},"_links":{"self":[{"href":"https:\/\/energiabulegoa.xn--oati-gqa.eus\/es\/wp-json\/wp\/v2\/pages\/197"}],"collection":[{"href":"https:\/\/energiabulegoa.xn--oati-gqa.eus\/es\/wp-json\/wp\/v2\/pages"}],"about":[{"href":"https:\/\/energiabulegoa.xn--oati-gqa.eus\/es\/wp-json\/wp\/v2\/types\/page"}],"author":[{"embeddable":true,"href":"https:\/\/energiabulegoa.xn--oati-gqa.eus\/es\/wp-json\/wp\/v2\/users\/1"}],"replies":[{"embeddable":true,"href":"https:\/\/energiabulegoa.xn--oati-gqa.eus\/es\/wp-json\/wp\/v2\/comments?post=197"}],"version-history":[{"count":11,"href":"https:\/\/energiabulegoa.xn--oati-gqa.eus\/es\/wp-json\/wp\/v2\/pages\/197\/revisions"}],"predecessor-version":[{"id":723,"href":"https:\/\/energiabulegoa.xn--oati-gqa.eus\/es\/wp-json\/wp\/v2\/pages\/197\/revisions\/723"}],"wp:attachment":[{"href":"https:\/\/energiabulegoa.xn--oati-gqa.eus\/es\/wp-json\/wp\/v2\/media?parent=197"}],"curies":[{"name":"wp","href":"https:\/\/api.w.org\/{rel}","templated":true}]}}