{"id":190,"date":"2023-10-31T15:44:28","date_gmt":"2023-10-31T14:44:28","guid":{"rendered":"https:\/\/energiabulegoa.o\u00f1ati.eus\/oficina-de-asesoramiento\/"},"modified":"2023-11-23T13:07:43","modified_gmt":"2023-11-23T12:07:43","slug":"oficina-de-asesoramiento","status":"publish","type":"page","link":"https:\/\/energiabulegoa.xn--oati-gqa.eus\/es\/energia-bulegoa\/oficina-de-asesoramiento\/","title":{"rendered":"Oficina de asesoramiento"},"content":{"rendered":"\n<div class=\"wp-block-group alignfull has-global-padding is-layout-constrained wp-block-group-is-layout-constrained\" style=\"margin-top:0;margin-bottom:0;padding-top:var(--wp--preset--spacing--60);padding-bottom:var(--wp--preset--spacing--60)\">\n<div class=\"wp-block-columns alignwide is-layout-flex wp-container-core-columns-layout-1 wp-block-columns-is-layout-flex\" style=\"padding-top:var(--wp--preset--spacing--30);padding-bottom:var(--wp--preset--spacing--30)\">\n<div class=\"wp-block-column is-layout-flow wp-block-column-is-layout-flow\">\n<figure class=\"wp-block-image aligncenter size-full\"><img loading=\"lazy\" decoding=\"async\" width=\"100\" height=\"100\" src=\"https:\/\/energiabulegoa.o\u00f1ati.eus\/wp-content\/uploads\/2023\/11\/7c3647dc-264a-4e07-b489-aa9fbccbb595.png\" alt=\"\" class=\"wp-image-150\"\/><\/figure>\n\n\n\n<h3 class=\"wp-block-heading has-text-align-center\">Informaci\u00f3n sobre las facturas<\/h3>\n\n\n\n<div class=\"wp-block-buttons is-content-justification-center is-layout-flex wp-container-core-buttons-layout-1 wp-block-buttons-is-layout-flex\">\n<div class=\"wp-block-button\"><a class=\"wp-block-button__link has-background-color has-tertiary-background-color has-text-color has-background has-link-color wp-element-button\" href=\"https:\/\/energiabulegoa.o\u00f1ati.eus\/es\/energia-bulegoa\/oficina-de-asesoramiento\/facturas\/\">Consulta<\/a><\/div>\n<\/div>\n<\/div>\n\n\n\n<div class=\"wp-block-column is-layout-flow wp-block-column-is-layout-flow\">\n<figure class=\"wp-block-image aligncenter size-full\"><img loading=\"lazy\" decoding=\"async\" width=\"100\" height=\"100\" src=\"https:\/\/energiabulegoa.o\u00f1ati.eus\/wp-content\/uploads\/2023\/11\/95a45848-d307-4127-9713-89a42ac11aa7.png\" alt=\"\" class=\"wp-image-152\"\/><\/figure>\n\n\n\n<h3 class=\"wp-block-heading has-text-align-center\">Comercializadoras de referencia<\/h3>\n\n\n\n<div class=\"wp-block-buttons is-content-justification-center is-layout-flex wp-container-core-buttons-layout-2 wp-block-buttons-is-layout-flex\">\n<div class=\"wp-block-button\"><a class=\"wp-block-button__link has-background-color has-tertiary-background-color has-text-color has-background has-link-color wp-element-button\" href=\"https:\/\/energiabulegoa.o\u00f1ati.eus\/es\/energia-bulegoa\/oficina-de-asesoramiento\/consulta-tus-consumos\/\">Consulta<\/a><\/div>\n<\/div>\n<\/div>\n\n\n\n<div class=\"wp-block-column is-layout-flow wp-block-column-is-layout-flow\">\n<figure class=\"wp-block-image aligncenter size-full\"><img loading=\"lazy\" decoding=\"async\" width=\"100\" height=\"100\" src=\"https:\/\/energiabulegoa.o\u00f1ati.eus\/wp-content\/uploads\/2023\/11\/b2bcb03a-be35-4264-9e95-983ebe367057.png\" alt=\"\" class=\"wp-image-154\"\/><\/figure>\n\n\n\n<h3 class=\"wp-block-heading has-text-align-center\">Informaci\u00f3n sobre las ayudas<\/h3>\n\n\n\n<div class=\"wp-block-buttons is-content-justification-center is-layout-flex wp-container-core-buttons-layout-3 wp-block-buttons-is-layout-flex\">\n<div class=\"wp-block-button\"><a class=\"wp-block-button__link has-background-color has-tertiary-background-color has-text-color has-background has-link-color wp-element-button\" href=\"https:\/\/energiabulegoa.o\u00f1ati.eus\/es\/energia-bulegoa\/oficina-de-asesoramiento\/subvenciones\/\">Consulta<\/a><\/div>\n<\/div>\n<\/div>\n\n\n\n<div class=\"wp-block-column is-layout-flow wp-block-column-is-layout-flow\">\n<figure class=\"wp-block-image aligncenter size-full\"><img loading=\"lazy\" decoding=\"async\" width=\"100\" height=\"100\" src=\"https:\/\/energiabulegoa.o\u00f1ati.eus\/wp-content\/uploads\/2023\/11\/95a45848-d307-4127-9713-89a42ac11aa7.png\" alt=\"\" class=\"wp-image-152\"\/><\/figure>\n\n\n\n<h3 class=\"wp-block-heading has-text-align-center\">Informaci\u00f3n sobre las facturas<\/h3>\n\n\n\n<div class=\"wp-block-buttons is-content-justification-center is-layout-flex wp-container-core-buttons-layout-4 wp-block-buttons-is-layout-flex\">\n<div class=\"wp-block-button\"><a class=\"wp-block-button__link has-background-color has-tertiary-background-color has-text-color has-background has-link-color wp-element-button\" href=\"https:\/\/energiabulegoa.o\u00f1ati.eus\/es\/energia-bulegoa\/oficina-de-asesoramiento\/oficina-de-asesoramiento\/\">Consulta<\/a><\/div>\n<\/div>\n<\/div>\n\n\n\n<div class=\"wp-block-column is-layout-flow wp-block-column-is-layout-flow\">\n<figure class=\"wp-block-image aligncenter size-full\"><img loading=\"lazy\" decoding=\"async\" width=\"100\" height=\"100\" src=\"https:\/\/energiabulegoa.o\u00f1ati.eus\/wp-content\/uploads\/2023\/11\/95a45848-d307-4127-9713-89a42ac11aa7.png\" alt=\"\" class=\"wp-image-152\"\/><\/figure>\n\n\n\n<h3 class=\"wp-block-heading has-text-align-center\">Consultas online<\/h3>\n\n\n\n<div class=\"wp-block-buttons is-content-justification-center is-layout-flex wp-container-core-buttons-layout-5 wp-block-buttons-is-layout-flex\">\n<div class=\"wp-block-button\"><a class=\"wp-block-button__link has-background-color has-tertiary-background-color has-text-color has-background has-link-color wp-element-button\" href=\"https:\/\/energiabulegoa.o\u00f1ati.eus\/es\/energia-bulegoa\/oficina-de-asesoramiento\/consultas\/\">Consulta<\/a><\/div>\n<\/div>\n<\/div>\n<\/div>\n<\/div>\n","protected":false},"excerpt":{"rendered":"<p>Informaci\u00f3n sobre las facturas Comercializadoras de referencia Informaci\u00f3n sobre las ayudas Informaci\u00f3n sobre las facturas Consultas online<\/p>\n","protected":false},"author":1,"featured_media":0,"parent":197,"menu_order":0,"comment_status":"closed","ping_status":"closed","template":"","meta":{"footnotes":""},"_links":{"self":[{"href":"https:\/\/energiabulegoa.xn--oati-gqa.eus\/es\/wp-json\/wp\/v2\/pages\/190"}],"collection":[{"href":"https:\/\/energiabulegoa.xn--oati-gqa.eus\/es\/wp-json\/wp\/v2\/pages"}],"about":[{"href":"https:\/\/energiabulegoa.xn--oati-gqa.eus\/es\/wp-json\/wp\/v2\/types\/page"}],"author":[{"embeddable":true,"href":"https:\/\/energiabulegoa.xn--oati-gqa.eus\/es\/wp-json\/wp\/v2\/users\/1"}],"replies":[{"embeddable":true,"href":"https:\/\/energiabulegoa.xn--oati-gqa.eus\/es\/wp-json\/wp\/v2\/comments?post=190"}],"version-history":[{"count":9,"href":"https:\/\/energiabulegoa.xn--oati-gqa.eus\/es\/wp-json\/wp\/v2\/pages\/190\/revisions"}],"predecessor-version":[{"id":477,"href":"https:\/\/energiabulegoa.xn--oati-gqa.eus\/es\/wp-json\/wp\/v2\/pages\/190\/revisions\/477"}],"up":[{"embeddable":true,"href":"https:\/\/energiabulegoa.xn--oati-gqa.eus\/es\/wp-json\/wp\/v2\/pages\/197"}],"wp:attachment":[{"href":"https:\/\/energiabulegoa.xn--oati-gqa.eus\/es\/wp-json\/wp\/v2\/media?parent=190"}],"curies":[{"name":"wp","href":"https:\/\/api.w.org\/{rel}","templated":true}]}}